{"id":1589,"date":"2025-11-19T15:13:33","date_gmt":"2025-11-19T15:13:33","guid":{"rendered":"http:\/\/localhost\/wordpress05\/?page_id=1589"},"modified":"2025-11-21T14:06:01","modified_gmt":"2025-11-21T14:06:01","slug":"sisatilan-sisustusratkaisut","status":"publish","type":"page","link":"https:\/\/www.pixoprint.fi\/WP\/sisatilan-sisustusratkaisut\/","title":{"rendered":"Sis\u00e4tilan sisustusratkaisut"},"content":{"rendered":"\t\t<div data-elementor-type=\"wp-page\" data-elementor-id=\"1589\" class=\"elementor elementor-1589\">\n\t\t\t\t<div class=\"elementor-element elementor-element-75zwll0 e-flex e-con-boxed e-con e-parent\" data-id=\"75zwll0\" data-element_type=\"container\" data-e-type=\"container\" data-settings=\"{&quot;background_background&quot;:&quot;classic&quot;}\">\n\t\t\t\t\t<div class=\"e-con-inner\">\n\t\t<div class=\"elementor-element elementor-element-8d332cf e-con-full e-flex e-con e-child\" data-id=\"8d332cf\" data-element_type=\"container\" data-e-type=\"container\">\n\t\t\t\t<div class=\"elementor-element elementor-element-4bf79de elementor-widget elementor-widget-heading\" data-id=\"4bf79de\" data-element_type=\"widget\" data-e-type=\"widget\" data-widget_type=\"heading.default\">\n\t\t\t\t<div class=\"elementor-widget-container\">\n\t\t\t\t\t<h1 class=\"elementor-heading-title elementor-size-default\">Sis\u00e4tilan sisustusratkaisut<\/h1>\t\t\t\t<\/div>\n\t\t\t\t<\/div>\n\t\t\t\t<\/div>\n\t\t\t\t\t<\/div>\n\t\t\t\t<\/div>\n\t\t<div class=\"elementor-element elementor-element-939ajn6 e-flex e-con-boxed e-con e-parent\" data-id=\"939ajn6\" data-element_type=\"container\" data-e-type=\"container\">\n\t\t\t\t\t<div class=\"e-con-inner\">\n\t\t<div class=\"elementor-element elementor-element-b71e4eb e-con-full e-flex e-con e-child\" data-id=\"b71e4eb\" data-element_type=\"container\" data-e-type=\"container\">\n\t\t\t\t<div class=\"elementor-element elementor-element-3c525f0 elementor-widget-divider--view-line_text elementor-widget-divider--element-align-left elementor-widget elementor-widget-divider\" data-id=\"3c525f0\" data-element_type=\"widget\" data-e-type=\"widget\" data-widget_type=\"divider.default\">\n\t\t\t\t<div class=\"elementor-widget-container\">\n\t\t\t\t\t\t\t<div class=\"elementor-divider\">\n\t\t\t<span class=\"elementor-divider-separator\">\n\t\t\t\t\t\t\t<h6 class=\"elementor-divider__text elementor-divider__element\">\n\t\t\t\tProjektit\t\t\t\t<\/h6>\n\t\t\t\t\t\t<\/span>\n\t\t<\/div>\n\t\t\t\t\t\t<\/div>\n\t\t\t\t<\/div>\n\t\t\t\t<div class=\"elementor-element elementor-element-1f5f3c8 elementor-widget elementor-widget-hfe-infocard\" data-id=\"1f5f3c8\" data-element_type=\"widget\" data-e-type=\"widget\" data-widget_type=\"hfe-infocard.default\">\n\t\t\t\t<div class=\"elementor-widget-container\">\n\t\t\t\t\t\n\t\t<div class=\"hfe-infocard\">\n\t\t\t\t\t\t\t\t\t<div class=\"hfe-infocard-title-wrap\">\n\t\t\t\t<h2 class=\"hfe-infocard-title elementor-inline-editing\" data-elementor-setting-key=\"infocard_title\" data-elementor-inline-editing-toolbar=\"basic\" >Sis\u00e4tilan sisustusratkaisut <\/h2>\t\t\t<\/div>\n\t\t\t\t\t\t<div class=\"hfe-infocard-text-wrap\">\n\t\t\t\t<div class=\"hfe-infocard-text elementor-inline-editing\" data-elementor-setting-key=\"infocard_description\" data-elementor-inline-editing-toolbar=\"advanced\">\n\t\t\t\t\t<p>PixoPrint tarjoaa kokonaisvaltaisia sisustusratkaisuja, jotka yhdist\u00e4v\u00e4t muotoilun, \nteknisen osaamisen ja viimeistelyn. Palvelemme erityisesti sisustusarkkitehteja ja \nsuunnittelijoita, jotka etsiv\u00e4t luotettavaa kumppania elementtien suunnitteluun, \nvalmistukseen ja asennukseen. <\/p>\t\t\t\t<\/div>\n\t\t\t\t\t\t\t<\/div>\n\t\t<\/div>\n\n\t\t\t\t\t\t<\/div>\n\t\t\t\t<\/div>\n\t\t\t\t<div class=\"elementor-element elementor-element-346bb0b elementor-pagination-position-outside elementor-widget elementor-widget-image-carousel\" data-id=\"346bb0b\" data-element_type=\"widget\" data-e-type=\"widget\" data-settings=\"{&quot;slides_to_show&quot;:&quot;3&quot;,&quot;slides_to_scroll&quot;:&quot;1&quot;,&quot;navigation&quot;:&quot;dots&quot;,&quot;slides_to_show_tablet&quot;:&quot;2&quot;,&quot;slides_to_show_mobile&quot;:&quot;1&quot;,&quot;autoplay&quot;:&quot;no&quot;,&quot;infinite&quot;:&quot;yes&quot;,&quot;speed&quot;:500,&quot;image_spacing_custom&quot;:{&quot;unit&quot;:&quot;px&quot;,&quot;size&quot;:20,&quot;sizes&quot;:[]},&quot;image_spacing_custom_tablet&quot;:{&quot;unit&quot;:&quot;px&quot;,&quot;size&quot;:&quot;&quot;,&quot;sizes&quot;:[]}}\" data-widget_type=\"image-carousel.default\">\n\t\t\t\t<div class=\"elementor-widget-container\">\n\t\t\t\t\t\t\t<div class=\"elementor-image-carousel-wrapper swiper\" role=\"region\" aria-roledescription=\"carousel\" aria-label=\"Image Carousel\" dir=\"ltr\">\n\t\t\t<div class=\"elementor-image-carousel swiper-wrapper swiper-image-stretch\" aria-live=\"polite\">\n\t\t\t\t\t\t\t\t<div class=\"swiper-slide\" role=\"group\" aria-roledescription=\"slide\" aria-label=\"1 of 3\"><figure class=\"swiper-slide-inner\"><img decoding=\"async\" class=\"swiper-slide-image\" src=\"https:\/\/www.pixoprint.fi\/WP\/wp-content\/uploads\/2025\/11\/WhatsApp-Image-2025-11-21-at-15.59.39.jpeg\" alt=\"whatsapp image 2025 11 21 at 15.59.39\" title=\"Sis\u00e4tilan sisustusratkaisut\"><\/figure><\/div><div class=\"swiper-slide\" role=\"group\" aria-roledescription=\"slide\" aria-label=\"2 of 3\"><figure class=\"swiper-slide-inner\"><img decoding=\"async\" class=\"swiper-slide-image\" src=\"https:\/\/www.pixoprint.fi\/WP\/wp-content\/uploads\/2025\/11\/WhatsApp-Image-2025-11-21-at-16.00.34.jpeg\" alt=\"whatsapp image 2025 11 21 at 16.00.34\" title=\"Sis\u00e4tilan sisustusratkaisut\"><\/figure><\/div><div class=\"swiper-slide\" role=\"group\" aria-roledescription=\"slide\" aria-label=\"3 of 3\"><figure class=\"swiper-slide-inner\"><img decoding=\"async\" class=\"swiper-slide-image\" src=\"https:\/\/www.pixoprint.fi\/WP\/wp-content\/uploads\/2025\/11\/WhatsApp-Image-2025-11-21-at-16.00.13.jpeg\" alt=\"whatsapp image 2025 11 21 at 16.00.13\" title=\"Sis\u00e4tilan sisustusratkaisut\"><\/figure><\/div>\t\t\t<\/div>\n\t\t\t\t\t\t\t\n\t\t\t\t\t\t\t\t\t<div class=\"swiper-pagination\"><\/div>\n\t\t\t\t\t\t\t\t\t<\/div>\n\t\t\t\t\t\t<\/div>\n\t\t\t\t<\/div>\n\t\t\t\t<\/div>\n\t\t\t\t\t<\/div>\n\t\t\t\t<\/div>\n\t\t<div class=\"elementor-element elementor-element-p0wdmfi e-flex e-con-boxed e-con e-parent\" data-id=\"p0wdmfi\" data-element_type=\"container\" data-e-type=\"container\" data-settings=\"{&quot;background_background&quot;:&quot;classic&quot;}\">\n\t\t\t\t\t<div class=\"e-con-inner\">\n\t\t<div class=\"elementor-element elementor-element-71691d2 e-con-full e-flex e-con e-child\" data-id=\"71691d2\" data-element_type=\"container\" data-e-type=\"container\">\n\t\t\t\t<div class=\"elementor-element elementor-element-7e59ad1 elementor-widget-divider--view-line_text elementor-widget-divider--element-align-left elementor-widget elementor-widget-divider\" data-id=\"7e59ad1\" data-element_type=\"widget\" data-e-type=\"widget\" data-widget_type=\"divider.default\">\n\t\t\t\t<div class=\"elementor-widget-container\">\n\t\t\t\t\t\t\t<div class=\"elementor-divider\">\n\t\t\t<span class=\"elementor-divider-separator\">\n\t\t\t\t\t\t\t<h6 class=\"elementor-divider__text elementor-divider__element\">\n\t\t\t\tProjektit\t\t\t\t<\/h6>\n\t\t\t\t\t\t<\/span>\n\t\t<\/div>\n\t\t\t\t\t\t<\/div>\n\t\t\t\t<\/div>\n\t\t\t\t<div class=\"elementor-element elementor-element-06ab5b6 elementor-widget elementor-widget-hfe-infocard\" data-id=\"06ab5b6\" data-element_type=\"widget\" data-e-type=\"widget\" data-widget_type=\"hfe-infocard.default\">\n\t\t\t\t<div class=\"elementor-widget-container\">\n\t\t\t\t\t\n\t\t<div class=\"hfe-infocard\">\n\t\t\t\t\t\t\t\t\t<div class=\"hfe-infocard-title-wrap\">\n\t\t\t\t<h2 class=\"hfe-infocard-title elementor-inline-editing\" data-elementor-setting-key=\"infocard_title\" data-elementor-inline-editing-toolbar=\"basic\" >Sis\u00e4tilan sisustusratkaisut <\/h2>\t\t\t<\/div>\n\t\t\t\t\t\t<div class=\"hfe-infocard-text-wrap\">\n\t\t\t\t<div class=\"hfe-infocard-text elementor-inline-editing\" data-elementor-setting-key=\"infocard_description\" data-elementor-inline-editing-toolbar=\"advanced\">\n\t\t\t\t\t<p>Valmistamme, rakennamme ja asennamme monipuolisia sisustuselementtej\u00e4, kuten: \n\u2022 Sein\u00e4paneelit ja akustiset ratkaisut \n\u2022 Hyllyk\u00f6t ja s\u00e4ilytysratkaisut \n\u2022 Valon varjostimet ja valaistusratkaisut \n\u2022 Ikkunoiden ja kylpyhuoneiden huurrelasi- tai peiliefektiratkaisut \n\u2022 Kukkaruukut, istutustelineet ja kasvi-integraatiot \n\u2022 Mittatilausty\u00f6n\u00e4 toteutetut yksil\u00f6lliset kalusteet ja sisustuselementit \nJokainen projekti suunnitellaan tarkasti asiakkaan tarpeiden mukaan, ja lopputulos \nvalmistetaan korkealaatuisista materiaaleista ammattitaidolla. PixoPrint huolehtii \nmy\u00f6s asennuksesta ja viimeistelyst\u00e4, jotta lopputulos vastaa sek\u00e4 suunnittelijan \nvisioita ett\u00e4 tilaajan odotuksia. \nLuotettava kumppani sisustusprojekteihin, joka muuttaa ideat toimiviksi, n\u00e4ytt\u00e4viksi \nja kest\u00e4viks\u00e4 ratkaisuiksi.<\/p>\t\t\t\t<\/div>\n\t\t\t\t\t\t\t<\/div>\n\t\t<\/div>\n\n\t\t\t\t\t\t<\/div>\n\t\t\t\t<\/div>\n\t\t\t\t<div class=\"elementor-element elementor-element-8d6bf09 elementor-pagination-position-outside elementor-widget elementor-widget-image-carousel\" data-id=\"8d6bf09\" data-element_type=\"widget\" data-e-type=\"widget\" data-settings=\"{&quot;slides_to_show&quot;:&quot;3&quot;,&quot;slides_to_scroll&quot;:&quot;1&quot;,&quot;navigation&quot;:&quot;dots&quot;,&quot;slides_to_show_tablet&quot;:&quot;2&quot;,&quot;slides_to_show_mobile&quot;:&quot;1&quot;,&quot;autoplay&quot;:&quot;no&quot;,&quot;infinite&quot;:&quot;yes&quot;,&quot;speed&quot;:500,&quot;image_spacing_custom&quot;:{&quot;unit&quot;:&quot;px&quot;,&quot;size&quot;:20,&quot;sizes&quot;:[]},&quot;image_spacing_custom_tablet&quot;:{&quot;unit&quot;:&quot;px&quot;,&quot;size&quot;:&quot;&quot;,&quot;sizes&quot;:[]}}\" data-widget_type=\"image-carousel.default\">\n\t\t\t\t<div class=\"elementor-widget-container\">\n\t\t\t\t\t\t\t<div class=\"elementor-image-carousel-wrapper swiper\" role=\"region\" aria-roledescription=\"carousel\" aria-label=\"Image Carousel\" dir=\"ltr\">\n\t\t\t<div class=\"elementor-image-carousel swiper-wrapper swiper-image-stretch\" aria-live=\"polite\">\n\t\t\t\t\t\t\t\t<div class=\"swiper-slide\" role=\"group\" aria-roledescription=\"slide\" aria-label=\"1 of 3\"><figure class=\"swiper-slide-inner\"><img decoding=\"async\" class=\"swiper-slide-image\" src=\"https:\/\/www.pixoprint.fi\/WP\/wp-content\/uploads\/2025\/11\/WhatsApp-Image-2025-11-21-at-16.03.21.jpeg\" alt=\"whatsapp image 2025 11 21 at 16.03.21\" title=\"Sis\u00e4tilan sisustusratkaisut\"><\/figure><\/div><div class=\"swiper-slide\" role=\"group\" aria-roledescription=\"slide\" aria-label=\"2 of 3\"><figure class=\"swiper-slide-inner\"><img decoding=\"async\" class=\"swiper-slide-image\" src=\"https:\/\/www.pixoprint.fi\/WP\/wp-content\/uploads\/2025\/11\/WhatsApp-Image-2025-11-21-at-15.59.39.jpeg\" alt=\"whatsapp image 2025 11 21 at 15.59.39\" title=\"Sis\u00e4tilan sisustusratkaisut\"><\/figure><\/div><div class=\"swiper-slide\" role=\"group\" aria-roledescription=\"slide\" aria-label=\"3 of 3\"><figure class=\"swiper-slide-inner\"><img decoding=\"async\" class=\"swiper-slide-image\" src=\"https:\/\/www.pixoprint.fi\/WP\/wp-content\/uploads\/2025\/11\/WhatsApp-Image-2025-11-21-at-16.03.22.jpeg\" alt=\"whatsapp image 2025 11 21 at 16.03.22\" title=\"Sis\u00e4tilan sisustusratkaisut\"><\/figure><\/div>\t\t\t<\/div>\n\t\t\t\t\t\t\t\n\t\t\t\t\t\t\t\t\t<div class=\"swiper-pagination\"><\/div>\n\t\t\t\t\t\t\t\t\t<\/div>\n\t\t\t\t\t\t<\/div>\n\t\t\t\t<\/div>\n\t\t\t\t<\/div>\n\t\t\t\t\t<\/div>\n\t\t\t\t<\/div>\n\t\t\t\t<\/div>\n\t\t","protected":false},"excerpt":{"rendered":"<p>Sis\u00e4tilan sisustusratkaisut Projektit Sis\u00e4tilan sisustusratkaisut PixoPrint tarjoaa kokonaisvaltaisia sisustusratkaisuja, jotka yhdist\u00e4v\u00e4t muotoilun, teknisen osaamisen ja viimeistelyn. Palvelemme erityisesti sisustusarkkitehteja ja suunnittelijoita, jotka etsiv\u00e4t luotettavaa kumppania elementtien suunnitteluun, valmistukseen ja asennukseen. Projektit Sis\u00e4tilan sisustusratkaisut Valmistamme, rakennamme ja asennamme monipuolisia sisustuselementtej\u00e4, kuten: \u2022 Sein\u00e4paneelit ja akustiset ratkaisut \u2022 Hyllyk\u00f6t ja s\u00e4ilytysratkaisut \u2022 Valon varjostimet ja valaistusratkaisut \u2022 [&hellip;]<\/p>\n","protected":false},"author":1,"featured_media":0,"parent":0,"menu_order":0,"comment_status":"closed","ping_status":"closed","template":"","meta":{"site-sidebar-layout":"no-sidebar","site-content-layout":"page-builder","ast-site-content-layout":"full-width-container","site-content-style":"default","site-sidebar-style":"default","ast-global-header-display":"","ast-banner-title-visibility":"","ast-main-header-display":"","ast-hfb-above-header-display":"","ast-hfb-below-header-display":"","ast-hfb-mobile-header-display":"","site-post-title":"","ast-breadcrumbs-content":"","ast-featured-img":"disabled","footer-sml-layout":"","ast-disable-related-posts":"","theme-transparent-header-meta":"","adv-header-id-meta":"","stick-header-meta":"","header-above-stick-meta":"","header-main-stick-meta":"","header-below-stick-meta":"","astra-migrate-meta-layouts":"set","ast-page-background-enabled":"default","ast-page-background-meta":{"desktop":{"background-color":"","background-image":"","background-repeat":"repeat","background-position":"center center","background-size":"auto","background-attachment":"scroll","background-type":"","background-media":"","overlay-type":"","overlay-color":"","overlay-opacity":"","overlay-gradient":""},"tablet":{"background-color":"","background-image":"","background-repeat":"repeat","background-position":"center center","background-size":"auto","background-attachment":"scroll","background-type":"","background-media":"","overlay-type":"","overlay-color":"","overlay-opacity":"","overlay-gradient":""},"mobile":{"background-color":"","background-image":"","background-repeat":"repeat","background-position":"center center","background-size":"auto","background-attachment":"scroll","background-type":"","background-media":"","overlay-type":"","overlay-color":"","overlay-opacity":"","overlay-gradient":""}},"ast-content-background-meta":{"desktop":{"background-color":"var(--ast-global-color-5)","background-image":"","background-repeat":"repeat","background-position":"center center","background-size":"auto","background-attachment":"scroll","background-type":"","background-media":"","overlay-type":"","overlay-color":"","overlay-opacity":"","overlay-gradient":""},"tablet":{"background-color":"var(--ast-global-color-5)","background-image":"","background-repeat":"repeat","background-position":"center center","background-size":"auto","background-attachment":"scroll","background-type":"","background-media":"","overlay-type":"","overlay-color":"","overlay-opacity":"","overlay-gradient":""},"mobile":{"background-color":"var(--ast-global-color-5)","background-image":"","background-repeat":"repeat","background-position":"center center","background-size":"auto","background-attachment":"scroll","background-type":"","background-media":"","overlay-type":"","overlay-color":"","overlay-opacity":"","overlay-gradient":""}},"footnotes":""},"class_list":["post-1589","page","type-page","status-publish","hentry"],"_links":{"self":[{"href":"https:\/\/www.pixoprint.fi\/WP\/wp-json\/wp\/v2\/pages\/1589","targetHints":{"allow":["GET"]}}],"collection":[{"href":"https:\/\/www.pixoprint.fi\/WP\/wp-json\/wp\/v2\/pages"}],"about":[{"href":"https:\/\/www.pixoprint.fi\/WP\/wp-json\/wp\/v2\/types\/page"}],"author":[{"embeddable":true,"href":"https:\/\/www.pixoprint.fi\/WP\/wp-json\/wp\/v2\/users\/1"}],"replies":[{"embeddable":true,"href":"https:\/\/www.pixoprint.fi\/WP\/wp-json\/wp\/v2\/comments?post=1589"}],"version-history":[{"count":13,"href":"https:\/\/www.pixoprint.fi\/WP\/wp-json\/wp\/v2\/pages\/1589\/revisions"}],"predecessor-version":[{"id":1648,"href":"https:\/\/www.pixoprint.fi\/WP\/wp-json\/wp\/v2\/pages\/1589\/revisions\/1648"}],"wp:attachment":[{"href":"https:\/\/www.pixoprint.fi\/WP\/wp-json\/wp\/v2\/media?parent=1589"}],"curies":[{"name":"wp","href":"https:\/\/api.w.org\/{rel}","templated":true}]}}